{"id":415,"date":"2022-04-05T18:46:24","date_gmt":"2022-04-05T18:46:24","guid":{"rendered":"https:\/\/lebistrodelamer.be\/contact\/"},"modified":"2024-02-29T12:18:18","modified_gmt":"2024-02-29T12:18:18","slug":"contact","status":"publish","type":"page","link":"https:\/\/lebistrodelamer.be\/fr\/contact\/","title":{"rendered":"Contact"},"content":{"rendered":"\t\t<div data-elementor-type=\"wp-page\" data-elementor-id=\"415\" class=\"elementor elementor-415 elementor-62\" data-elementor-post-type=\"page\">\n\t\t\t\t\t\t<section class=\"elementor-section elementor-top-section elementor-element elementor-element-22fc2aad elementor-section-height-min-height elementor-section-boxed elementor-section-height-default elementor-section-items-middle\" data-id=\"22fc2aad\" data-element_type=\"section\" data-e-type=\"section\" data-settings=\"{&quot;background_background&quot;:&quot;classic&quot;}\">\n\t\t\t\t\t\t\t<div class=\"elementor-background-overlay\"><\/div>\n\t\t\t\t\t\t\t<div class=\"elementor-container elementor-column-gap-default\">\n\t\t\t\t\t<div class=\"elementor-column elementor-col-100 elementor-top-column elementor-element elementor-element-509a21e2\" data-id=\"509a21e2\" data-element_type=\"column\" data-e-type=\"column\">\n\t\t\t<div class=\"elementor-widget-wrap elementor-element-populated\">\n\t\t\t\t\t\t<div class=\"elementor-element elementor-element-7efa9e6b animated-slow elementor-invisible elementor-widget elementor-widget-heading\" data-id=\"7efa9e6b\" data-element_type=\"widget\" data-e-type=\"widget\" data-settings=\"{&quot;_animation&quot;:&quot;fadeIn&quot;}\" data-widget_type=\"heading.default\">\n\t\t\t\t<div class=\"elementor-widget-container\">\n\t\t\t\t\t<h1 class=\"elementor-heading-title elementor-size-default\">Contact<\/h1>\t\t\t\t<\/div>\n\t\t\t\t<\/div>\n\t\t\t\t\t<\/div>\n\t\t<\/div>\n\t\t\t\t\t<\/div>\n\t\t<\/section>\n\t\t\t\t<section class=\"elementor-section elementor-top-section elementor-element elementor-element-10f89c66 elementor-section-boxed elementor-section-height-default elementor-section-height-default\" data-id=\"10f89c66\" data-element_type=\"section\" data-e-type=\"section\">\n\t\t\t\t\t\t<div class=\"elementor-container elementor-column-gap-default\">\n\t\t\t\t\t<div class=\"elementor-column elementor-col-100 elementor-top-column elementor-element elementor-element-322d1bf elementor-invisible\" data-id=\"322d1bf\" data-element_type=\"column\" data-e-type=\"column\" data-settings=\"{&quot;background_background&quot;:&quot;classic&quot;,&quot;animation&quot;:&quot;fadeIn&quot;}\">\n\t\t\t<div class=\"elementor-widget-wrap elementor-element-populated\">\n\t\t\t\t\t\t<div class=\"elementor-element elementor-element-44ef776 elementor-widget elementor-widget-heading\" data-id=\"44ef776\" data-element_type=\"widget\" data-e-type=\"widget\" data-widget_type=\"heading.default\">\n\t\t\t\t<div class=\"elementor-widget-container\">\n\t\t\t\t\t<h2 class=\"elementor-heading-title elementor-size-default\">Restaurant<\/h2>\t\t\t\t<\/div>\n\t\t\t\t<\/div>\n\t\t\t\t<div class=\"elementor-element elementor-element-174ad6dc elementor-widget elementor-widget-heading\" data-id=\"174ad6dc\" data-element_type=\"widget\" data-e-type=\"widget\" data-widget_type=\"heading.default\">\n\t\t\t\t<div class=\"elementor-widget-container\">\n\t\t\t\t\t<h2 class=\"elementor-heading-title elementor-size-default\">Le Bistro de la Mer<\/h2>\t\t\t\t<\/div>\n\t\t\t\t<\/div>\n\t\t\t\t<div class=\"elementor-element elementor-element-7d80fd7 elementor-position-inline-start elementor-view-default elementor-mobile-position-block-start elementor-widget elementor-widget-icon-box\" data-id=\"7d80fd7\" data-element_type=\"widget\" data-e-type=\"widget\" data-widget_type=\"icon-box.default\">\n\t\t\t\t<div class=\"elementor-widget-container\">\n\t\t\t\t\t\t\t<div class=\"elementor-icon-box-wrapper\">\n\n\t\t\t\t\t\t<div class=\"elementor-icon-box-icon\">\n\t\t\t\t<a href=\"https:\/\/goo.gl\/maps\/NKAbrjEWw4JuQU399\" target=\"_blank\" class=\"elementor-icon\" tabindex=\"-1\" aria-label=\"Oosthoekplein 2\">\n\t\t\t\t<i aria-hidden=\"true\" class=\"fas fa-map-marker-alt\"><\/i>\t\t\t\t<\/a>\n\t\t\t<\/div>\n\t\t\t\n\t\t\t\t\t\t<div class=\"elementor-icon-box-content\">\n\n\t\t\t\t\t\t\t\t\t<h3 class=\"elementor-icon-box-title\">\n\t\t\t\t\t\t<a href=\"https:\/\/goo.gl\/maps\/NKAbrjEWw4JuQU399\" target=\"_blank\" >\n\t\t\t\t\t\t\tOosthoekplein 2\t\t\t\t\t\t<\/a>\n\t\t\t\t\t<\/h3>\n\t\t\t\t\n\t\t\t\t\t\t\t\t\t<p class=\"elementor-icon-box-description\">\n\t\t\t\t\t\t8300 Knokke\t\t\t\t\t<\/p>\n\t\t\t\t\n\t\t\t<\/div>\n\t\t\t\n\t\t<\/div>\n\t\t\t\t\t\t<\/div>\n\t\t\t\t<\/div>\n\t\t\t\t<div class=\"elementor-element elementor-element-a3199ce elementor-position-inline-start elementor-view-default elementor-mobile-position-block-start elementor-widget elementor-widget-icon-box\" data-id=\"a3199ce\" data-element_type=\"widget\" data-e-type=\"widget\" data-widget_type=\"icon-box.default\">\n\t\t\t\t<div class=\"elementor-widget-container\">\n\t\t\t\t\t\t\t<div class=\"elementor-icon-box-wrapper\">\n\n\t\t\t\t\t\t<div class=\"elementor-icon-box-icon\">\n\t\t\t\t<a href=\"tel:003250628698\" class=\"elementor-icon\" tabindex=\"-1\" aria-label=\"R\u00e9servations (r\u00e9servations uniquement par t\u00e9l\u00e9phone)\">\n\t\t\t\t<i aria-hidden=\"true\" class=\"fas fa-phone-alt\"><\/i>\t\t\t\t<\/a>\n\t\t\t<\/div>\n\t\t\t\n\t\t\t\t\t\t<div class=\"elementor-icon-box-content\">\n\n\t\t\t\t\t\t\t\t\t<h3 class=\"elementor-icon-box-title\">\n\t\t\t\t\t\t<a href=\"tel:003250628698\" >\n\t\t\t\t\t\t\tR\u00e9servations (r\u00e9servations uniquement par t\u00e9l\u00e9phone)\t\t\t\t\t\t<\/a>\n\t\t\t\t\t<\/h3>\n\t\t\t\t\n\t\t\t\t\t\t\t\t\t<p class=\"elementor-icon-box-description\">\n\t\t\t\t\t\t 050 62 86 98\t\t\t\t\t<\/p>\n\t\t\t\t\n\t\t\t<\/div>\n\t\t\t\n\t\t<\/div>\n\t\t\t\t\t\t<\/div>\n\t\t\t\t<\/div>\n\t\t\t\t<div class=\"elementor-element elementor-element-eeba42e elementor-widget elementor-widget-text-editor\" data-id=\"eeba42e\" data-element_type=\"widget\" data-e-type=\"widget\" data-widget_type=\"text-editor.default\">\n\t\t\t\t<div class=\"elementor-widget-container\">\n\t\t\t\t\t\t\t\t\t<p>Ferm\u00e9 le Mardi et Mercredi<\/p>\n<p><strong>Cuisine:<\/strong> Saisonni\u00e8re, Belgo-fran\u00e7aise, Traditionnelle<\/p>\n<p><strong>Modes de paiement:<\/strong> American Express, Master Card, Visa, Bancontact, Cash<\/p>\n<p><strong>Commodit\u00e9s:<\/strong> Salle climatis\u00e9e, Chiens accept\u00e9s<br \/>\n<strong>Cadre:<\/strong> Cadre authentique<\/p>\n\t\t\t\t\t\t\t\t<\/div>\n\t\t\t\t<\/div>\n\t\t\t\t\t<\/div>\n\t\t<\/div>\n\t\t\t\t\t<\/div>\n\t\t<\/section>\n\t\t\t\t<\/div>\n\t\t","protected":false},"excerpt":{"rendered":"<p>Restaurant Le Bistro de la Mer Oosthoekplein 2 8300 Knokke R\u00e9servations (r\u00e9servations uniquement par t\u00e9l\u00e9phone) 050 62 86 98 Ferm\u00e9 le Mardi et Mercredi Cuisine: Saisonni\u00e8re, Belgo-fran\u00e7aise, Traditionnelle Modes de paiement: American Express, Master Card, Visa, Bancontact, Cash Commodit\u00e9s: Salle climatis\u00e9e, Chiens accept\u00e9s Cadre: Cadre authentique<\/p>\n","protected":false},"author":1,"featured_media":0,"parent":0,"menu_order":0,"comment_status":"closed","ping_status":"closed","template":"","meta":{"footnotes":""},"class_list":["post-415","page","type-page","status-publish","hentry"],"yoast_head":"<!-- This site is optimized with the Yoast SEO plugin v27.2 - https:\/\/yoast.com\/product\/yoast-seo-wordpress\/ -->\n<title>Contact - Le Bistro De La Mer<\/title>\n<meta name=\"description\" content=\"Het is hier heerlijk vertoeven in het warme en gezellige interieur, terwijl u geniet van allerlei culinaire hoogstandjes\u2026\" \/>\n<meta name=\"robots\" content=\"index, follow, max-snippet:-1, max-image-preview:large, max-video-preview:-1\" \/>\n<link rel=\"canonical\" href=\"https:\/\/lebistrodelamer.be\/fr\/contact\/\" \/>\n<meta property=\"og:locale\" content=\"fr_FR\" \/>\n<meta property=\"og:type\" content=\"article\" \/>\n<meta property=\"og:title\" content=\"Contact - Le Bistro De La Mer\" \/>\n<meta property=\"og:description\" content=\"Het is hier heerlijk vertoeven in het warme en gezellige interieur, terwijl u geniet van allerlei culinaire hoogstandjes\u2026\" \/>\n<meta property=\"og:url\" content=\"https:\/\/lebistrodelamer.be\/fr\/contact\/\" \/>\n<meta property=\"og:site_name\" content=\"Le Bistro De La Mer\" \/>\n<meta property=\"article:modified_time\" content=\"2024-02-29T12:18:18+00:00\" \/>\n<meta name=\"twitter:card\" content=\"summary_large_image\" \/>\n<meta name=\"twitter:label1\" content=\"Dur\u00e9e de lecture estim\u00e9e\" \/>\n\t<meta name=\"twitter:data1\" content=\"1 minute\" \/>\n<script type=\"application\/ld+json\" class=\"yoast-schema-graph\">{\"@context\":\"https:\/\/schema.org\",\"@graph\":[{\"@type\":\"WebPage\",\"@id\":\"https:\/\/lebistrodelamer.be\/fr\/contact\/\",\"url\":\"https:\/\/lebistrodelamer.be\/fr\/contact\/\",\"name\":\"Contact - Le Bistro De La Mer\",\"isPartOf\":{\"@id\":\"https:\/\/lebistrodelamer.be\/#website\"},\"datePublished\":\"2022-04-05T18:46:24+00:00\",\"dateModified\":\"2024-02-29T12:18:18+00:00\",\"description\":\"Het is hier heerlijk vertoeven in het warme en gezellige interieur, terwijl u geniet van allerlei culinaire hoogstandjes\u2026\",\"breadcrumb\":{\"@id\":\"https:\/\/lebistrodelamer.be\/fr\/contact\/#breadcrumb\"},\"inLanguage\":\"fr-FR\",\"potentialAction\":[{\"@type\":\"ReadAction\",\"target\":[\"https:\/\/lebistrodelamer.be\/fr\/contact\/\"]}]},{\"@type\":\"BreadcrumbList\",\"@id\":\"https:\/\/lebistrodelamer.be\/fr\/contact\/#breadcrumb\",\"itemListElement\":[{\"@type\":\"ListItem\",\"position\":1,\"name\":\"Home\",\"item\":\"https:\/\/lebistrodelamer.be\/fr\/\"},{\"@type\":\"ListItem\",\"position\":2,\"name\":\"Contact\"}]},{\"@type\":\"WebSite\",\"@id\":\"https:\/\/lebistrodelamer.be\/#website\",\"url\":\"https:\/\/lebistrodelamer.be\/\",\"name\":\"Le Bistro De La Mer\",\"description\":\"Restaurant \u201cLe Bistro de la Mer\u201d aan het Oosthoekplein in het gastronomische Knokke\",\"publisher\":{\"@id\":\"https:\/\/lebistrodelamer.be\/#organization\"},\"potentialAction\":[{\"@type\":\"SearchAction\",\"target\":{\"@type\":\"EntryPoint\",\"urlTemplate\":\"https:\/\/lebistrodelamer.be\/?s={search_term_string}\"},\"query-input\":{\"@type\":\"PropertyValueSpecification\",\"valueRequired\":true,\"valueName\":\"search_term_string\"}}],\"inLanguage\":\"fr-FR\"},{\"@type\":\"Organization\",\"@id\":\"https:\/\/lebistrodelamer.be\/#organization\",\"name\":\"Le Bistro De La Mer\",\"url\":\"https:\/\/lebistrodelamer.be\/\",\"logo\":{\"@type\":\"ImageObject\",\"inLanguage\":\"fr-FR\",\"@id\":\"https:\/\/lebistrodelamer.be\/#\/schema\/logo\/image\/\",\"url\":\"https:\/\/lebistrodelamer.be\/wp-content\/uploads\/2022\/03\/logo-bistro.jpg\",\"contentUrl\":\"https:\/\/lebistrodelamer.be\/wp-content\/uploads\/2022\/03\/logo-bistro.jpg\",\"width\":750,\"height\":200,\"caption\":\"Le Bistro De La Mer\"},\"image\":{\"@id\":\"https:\/\/lebistrodelamer.be\/#\/schema\/logo\/image\/\"}}]}<\/script>\n<!-- \/ Yoast SEO plugin. -->","yoast_head_json":{"title":"Contact - Le Bistro De La Mer","description":"Het is hier heerlijk vertoeven in het warme en gezellige interieur, terwijl u geniet van allerlei culinaire hoogstandjes\u2026","robots":{"index":"index","follow":"follow","max-snippet":"max-snippet:-1","max-image-preview":"max-image-preview:large","max-video-preview":"max-video-preview:-1"},"canonical":"https:\/\/lebistrodelamer.be\/fr\/contact\/","og_locale":"fr_FR","og_type":"article","og_title":"Contact - Le Bistro De La Mer","og_description":"Het is hier heerlijk vertoeven in het warme en gezellige interieur, terwijl u geniet van allerlei culinaire hoogstandjes\u2026","og_url":"https:\/\/lebistrodelamer.be\/fr\/contact\/","og_site_name":"Le Bistro De La Mer","article_modified_time":"2024-02-29T12:18:18+00:00","twitter_card":"summary_large_image","twitter_misc":{"Dur\u00e9e de lecture estim\u00e9e":"1 minute"},"schema":{"@context":"https:\/\/schema.org","@graph":[{"@type":"WebPage","@id":"https:\/\/lebistrodelamer.be\/fr\/contact\/","url":"https:\/\/lebistrodelamer.be\/fr\/contact\/","name":"Contact - Le Bistro De La Mer","isPartOf":{"@id":"https:\/\/lebistrodelamer.be\/#website"},"datePublished":"2022-04-05T18:46:24+00:00","dateModified":"2024-02-29T12:18:18+00:00","description":"Het is hier heerlijk vertoeven in het warme en gezellige interieur, terwijl u geniet van allerlei culinaire hoogstandjes\u2026","breadcrumb":{"@id":"https:\/\/lebistrodelamer.be\/fr\/contact\/#breadcrumb"},"inLanguage":"fr-FR","potentialAction":[{"@type":"ReadAction","target":["https:\/\/lebistrodelamer.be\/fr\/contact\/"]}]},{"@type":"BreadcrumbList","@id":"https:\/\/lebistrodelamer.be\/fr\/contact\/#breadcrumb","itemListElement":[{"@type":"ListItem","position":1,"name":"Home","item":"https:\/\/lebistrodelamer.be\/fr\/"},{"@type":"ListItem","position":2,"name":"Contact"}]},{"@type":"WebSite","@id":"https:\/\/lebistrodelamer.be\/#website","url":"https:\/\/lebistrodelamer.be\/","name":"Le Bistro De La Mer","description":"Restaurant \u201cLe Bistro de la Mer\u201d aan het Oosthoekplein in het gastronomische Knokke","publisher":{"@id":"https:\/\/lebistrodelamer.be\/#organization"},"potentialAction":[{"@type":"SearchAction","target":{"@type":"EntryPoint","urlTemplate":"https:\/\/lebistrodelamer.be\/?s={search_term_string}"},"query-input":{"@type":"PropertyValueSpecification","valueRequired":true,"valueName":"search_term_string"}}],"inLanguage":"fr-FR"},{"@type":"Organization","@id":"https:\/\/lebistrodelamer.be\/#organization","name":"Le Bistro De La Mer","url":"https:\/\/lebistrodelamer.be\/","logo":{"@type":"ImageObject","inLanguage":"fr-FR","@id":"https:\/\/lebistrodelamer.be\/#\/schema\/logo\/image\/","url":"https:\/\/lebistrodelamer.be\/wp-content\/uploads\/2022\/03\/logo-bistro.jpg","contentUrl":"https:\/\/lebistrodelamer.be\/wp-content\/uploads\/2022\/03\/logo-bistro.jpg","width":750,"height":200,"caption":"Le Bistro De La Mer"},"image":{"@id":"https:\/\/lebistrodelamer.be\/#\/schema\/logo\/image\/"}}]}},"_links":{"self":[{"href":"https:\/\/lebistrodelamer.be\/fr\/wp-json\/wp\/v2\/pages\/415","targetHints":{"allow":["GET"]}}],"collection":[{"href":"https:\/\/lebistrodelamer.be\/fr\/wp-json\/wp\/v2\/pages"}],"about":[{"href":"https:\/\/lebistrodelamer.be\/fr\/wp-json\/wp\/v2\/types\/page"}],"author":[{"embeddable":true,"href":"https:\/\/lebistrodelamer.be\/fr\/wp-json\/wp\/v2\/users\/1"}],"replies":[{"embeddable":true,"href":"https:\/\/lebistrodelamer.be\/fr\/wp-json\/wp\/v2\/comments?post=415"}],"version-history":[{"count":16,"href":"https:\/\/lebistrodelamer.be\/fr\/wp-json\/wp\/v2\/pages\/415\/revisions"}],"predecessor-version":[{"id":677,"href":"https:\/\/lebistrodelamer.be\/fr\/wp-json\/wp\/v2\/pages\/415\/revisions\/677"}],"wp:attachment":[{"href":"https:\/\/lebistrodelamer.be\/fr\/wp-json\/wp\/v2\/media?parent=415"}],"curies":[{"name":"wp","href":"https:\/\/api.w.org\/{rel}","templated":true}]}}